{"id":1377,"date":"2023-10-11T01:11:04","date_gmt":"2023-10-10T23:11:04","guid":{"rendered":"https:\/\/redsurfetp.alexandercasas.com\/?page_id=1377"},"modified":"2023-10-12T20:13:28","modified_gmt":"2023-10-12T18:13:28","slug":"entrenamiento","status":"publish","type":"page","link":"https:\/\/redsurfetp.alexandercasas.com\/index.php\/entrenamiento\/","title":{"rendered":"Entrenamiento"},"content":{"rendered":"\t\t<div data-elementor-type=\"wp-page\" data-elementor-id=\"1377\" class=\"elementor elementor-1377\">\n\t\t\t\t\t\t\t\t\t<section class=\"elementor-section elementor-top-section elementor-element elementor-element-6uleyrw elementor-section-content-middle elementor-section-boxed elementor-section-height-default elementor-section-height-default\" data-id=\"6uleyrw\" data-element_type=\"section\" data-settings=\"{&quot;background_background&quot;:&quot;classic&quot;}\">\n\t\t\t\t\t\t\t<div class=\"elementor-background-overlay\"><\/div>\n\t\t\t\t\t\t\t<div class=\"elementor-container elementor-column-gap-no\">\n\t\t\t\t\t<div class=\"elementor-column elementor-col-100 elementor-top-column elementor-element elementor-element-8d092b6\" data-id=\"8d092b6\" data-element_type=\"column\">\n\t\t\t<div class=\"elementor-widget-wrap elementor-element-populated\">\n\t\t\t\t\t\t\t\t<div class=\"elementor-element elementor-element-2f510d4 elementor-widget elementor-widget-heading\" data-id=\"2f510d4\" data-element_type=\"widget\" data-widget_type=\"heading.default\">\n\t\t\t\t<div class=\"elementor-widget-container\">\n\t\t\t<style>\/*! elementor - v3.16.0 - 09-10-2023 *\/\n.elementor-heading-title{padding:0;margin:0;line-height:1}.elementor-widget-heading .elementor-heading-title[class*=elementor-size-]>a{color:inherit;font-size:inherit;line-height:inherit}.elementor-widget-heading .elementor-heading-title.elementor-size-small{font-size:15px}.elementor-widget-heading .elementor-heading-title.elementor-size-medium{font-size:19px}.elementor-widget-heading .elementor-heading-title.elementor-size-large{font-size:29px}.elementor-widget-heading .elementor-heading-title.elementor-size-xl{font-size:39px}.elementor-widget-heading .elementor-heading-title.elementor-size-xxl{font-size:59px}<\/style><h1 class=\"elementor-heading-title elementor-size-default\">Entrenamiento<\/h1>\t\t<\/div>\n\t\t\t\t<\/div>\n\t\t\t\t\t<\/div>\n\t\t<\/div>\n\t\t\t\t\t\t\t<\/div>\n\t\t<\/section>\n\t\t\t\t<section class=\"elementor-section elementor-top-section elementor-element elementor-element-2qhyqqo elementor-section-boxed elementor-section-height-default elementor-section-height-default\" data-id=\"2qhyqqo\" data-element_type=\"section\" data-settings=\"{&quot;background_background&quot;:&quot;classic&quot;}\">\n\t\t\t\t\t\t<div class=\"elementor-container elementor-column-gap-no\">\n\t\t\t\t\t<div class=\"elementor-column elementor-col-100 elementor-top-column elementor-element elementor-element-e3d6c90\" data-id=\"e3d6c90\" data-element_type=\"column\">\n\t\t\t<div class=\"elementor-widget-wrap elementor-element-populated\">\n\t\t\t\t\t\t\t\t<div class=\"elementor-element elementor-element-5158264 elementor-widget elementor-widget-heading\" data-id=\"5158264\" data-element_type=\"widget\" data-widget_type=\"heading.default\">\n\t\t\t\t<div class=\"elementor-widget-container\">\n\t\t\t<h5 class=\"elementor-heading-title elementor-size-default\">Programa de Entrenamiento\u200b<\/h5>\t\t<\/div>\n\t\t\t\t<\/div>\n\t\t\t\t<div class=\"elementor-element elementor-element-0f4dbfd elementor-widget-divider--view-line elementor-widget elementor-widget-divider\" data-id=\"0f4dbfd\" data-element_type=\"widget\" data-widget_type=\"divider.default\">\n\t\t\t\t<div class=\"elementor-widget-container\">\n\t\t\t<style>\/*! elementor - v3.16.0 - 09-10-2023 *\/\n.elementor-widget-divider{--divider-border-style:none;--divider-border-width:1px;--divider-color:#0c0d0e;--divider-icon-size:20px;--divider-element-spacing:10px;--divider-pattern-height:24px;--divider-pattern-size:20px;--divider-pattern-url:none;--divider-pattern-repeat:repeat-x}.elementor-widget-divider .elementor-divider{display:flex}.elementor-widget-divider .elementor-divider__text{font-size:15px;line-height:1;max-width:95%}.elementor-widget-divider .elementor-divider__element{margin:0 var(--divider-element-spacing);flex-shrink:0}.elementor-widget-divider .elementor-icon{font-size:var(--divider-icon-size)}.elementor-widget-divider .elementor-divider-separator{display:flex;margin:0;direction:ltr}.elementor-widget-divider--view-line_icon .elementor-divider-separator,.elementor-widget-divider--view-line_text .elementor-divider-separator{align-items:center}.elementor-widget-divider--view-line_icon .elementor-divider-separator:after,.elementor-widget-divider--view-line_icon .elementor-divider-separator:before,.elementor-widget-divider--view-line_text .elementor-divider-separator:after,.elementor-widget-divider--view-line_text .elementor-divider-separator:before{display:block;content:\"\";border-bottom:0;flex-grow:1;border-top:var(--divider-border-width) var(--divider-border-style) var(--divider-color)}.elementor-widget-divider--element-align-left .elementor-divider .elementor-divider-separator>.elementor-divider__svg:first-of-type{flex-grow:0;flex-shrink:100}.elementor-widget-divider--element-align-left .elementor-divider-separator:before{content:none}.elementor-widget-divider--element-align-left .elementor-divider__element{margin-left:0}.elementor-widget-divider--element-align-right .elementor-divider .elementor-divider-separator>.elementor-divider__svg:last-of-type{flex-grow:0;flex-shrink:100}.elementor-widget-divider--element-align-right .elementor-divider-separator:after{content:none}.elementor-widget-divider--element-align-right .elementor-divider__element{margin-right:0}.elementor-widget-divider:not(.elementor-widget-divider--view-line_text):not(.elementor-widget-divider--view-line_icon) .elementor-divider-separator{border-top:var(--divider-border-width) var(--divider-border-style) var(--divider-color)}.elementor-widget-divider--separator-type-pattern{--divider-border-style:none}.elementor-widget-divider--separator-type-pattern.elementor-widget-divider--view-line .elementor-divider-separator,.elementor-widget-divider--separator-type-pattern:not(.elementor-widget-divider--view-line) .elementor-divider-separator:after,.elementor-widget-divider--separator-type-pattern:not(.elementor-widget-divider--view-line) .elementor-divider-separator:before,.elementor-widget-divider--separator-type-pattern:not([class*=elementor-widget-divider--view]) .elementor-divider-separator{width:100%;min-height:var(--divider-pattern-height);-webkit-mask-size:var(--divider-pattern-size) 100%;mask-size:var(--divider-pattern-size) 100%;-webkit-mask-repeat:var(--divider-pattern-repeat);mask-repeat:var(--divider-pattern-repeat);background-color:var(--divider-color);-webkit-mask-image:var(--divider-pattern-url);mask-image:var(--divider-pattern-url)}.elementor-widget-divider--no-spacing{--divider-pattern-size:auto}.elementor-widget-divider--bg-round{--divider-pattern-repeat:round}.rtl .elementor-widget-divider .elementor-divider__text{direction:rtl}.e-con-inner>.elementor-widget-divider,.e-con>.elementor-widget-divider{width:var(--container-widget-width,100%);--flex-grow:var(--container-widget-flex-grow)}<\/style>\t\t<div class=\"elementor-divider\">\n\t\t\t<span class=\"elementor-divider-separator\">\n\t\t\t\t\t\t<\/span>\n\t\t<\/div>\n\t\t\t\t<\/div>\n\t\t\t\t<\/div>\n\t\t\t\t\t<\/div>\n\t\t<\/div>\n\t\t\t\t\t\t\t<\/div>\n\t\t<\/section>\n\t\t<div class=\"elementor-element elementor-element-e3f62c7 e-flex e-con-boxed e-con e-parent\" data-id=\"e3f62c7\" data-element_type=\"container\" data-settings=\"{&quot;content_width&quot;:&quot;boxed&quot;}\" data-core-v316-plus=\"true\">\n\t\t\t\t\t<div class=\"e-con-inner\">\n\t\t<div class=\"elementor-element elementor-element-bed388f e-con-full e-flex e-con e-child\" data-id=\"bed388f\" data-element_type=\"container\" data-settings=\"{&quot;content_width&quot;:&quot;full&quot;}\">\n\t\t\t\t<div class=\"elementor-element elementor-element-5186daf elementor-widget elementor-widget-image\" data-id=\"5186daf\" data-element_type=\"widget\" data-widget_type=\"image.default\">\n\t\t\t\t<div class=\"elementor-widget-container\">\n\t\t\t<style>\/*! elementor - v3.16.0 - 09-10-2023 *\/\n.elementor-widget-image{text-align:center}.elementor-widget-image a{display:inline-block}.elementor-widget-image a img[src$=\".svg\"]{width:48px}.elementor-widget-image img{vertical-align:middle;display:inline-block}<\/style>\t\t\t\t\t\t\t\t\t\t\t\t<img decoding=\"async\" loading=\"lazy\" width=\"370\" height=\"500\" src=\"https:\/\/redsurfetp.alexandercasas.com\/wp-content\/uploads\/2023\/10\/frontline.jpg\" class=\"attachment-large size-large wp-image-1464\" alt=\"Primera L\u00ednea Frontline\" srcset=\"https:\/\/redsurfetp.alexandercasas.com\/wp-content\/uploads\/2023\/10\/frontline.jpg 370w, https:\/\/redsurfetp.alexandercasas.com\/wp-content\/uploads\/2023\/10\/frontline-222x300.jpg 222w\" sizes=\"(max-width: 370px) 100vw, 370px\" \/>\t\t\t\t\t\t\t\t\t\t\t\t\t\t\t<\/div>\n\t\t\t\t<\/div>\n\t\t\t\t<\/div>\n\t\t<div class=\"elementor-element elementor-element-1549b7b e-con-full e-flex e-con e-child\" data-id=\"1549b7b\" data-element_type=\"container\" data-settings=\"{&quot;content_width&quot;:&quot;full&quot;}\">\n\t\t\t\t<div class=\"elementor-element elementor-element-6687c9f elementor-widget elementor-widget-image\" data-id=\"6687c9f\" data-element_type=\"widget\" data-widget_type=\"image.default\">\n\t\t\t\t<div class=\"elementor-widget-container\">\n\t\t\t\t\t\t\t\t\t\t\t\t\t\t\t<img decoding=\"async\" loading=\"lazy\" width=\"370\" height=\"500\" src=\"https:\/\/redsurfetp.alexandercasas.com\/wp-content\/uploads\/2023\/10\/intermedio.jpg\" class=\"attachment-large size-large wp-image-1465\" alt=\"Programa Epidemiolog\u00eda Intermedio\" srcset=\"https:\/\/redsurfetp.alexandercasas.com\/wp-content\/uploads\/2023\/10\/intermedio.jpg 370w, https:\/\/redsurfetp.alexandercasas.com\/wp-content\/uploads\/2023\/10\/intermedio-222x300.jpg 222w\" sizes=\"(max-width: 370px) 100vw, 370px\" \/>\t\t\t\t\t\t\t\t\t\t\t\t\t\t\t<\/div>\n\t\t\t\t<\/div>\n\t\t\t\t<\/div>\n\t\t<div class=\"elementor-element elementor-element-d4fb5e2 e-con-full e-flex e-con e-child\" data-id=\"d4fb5e2\" data-element_type=\"container\" data-settings=\"{&quot;content_width&quot;:&quot;full&quot;}\">\n\t\t\t\t<div class=\"elementor-element elementor-element-90d7bfc elementor-widget elementor-widget-image\" data-id=\"90d7bfc\" data-element_type=\"widget\" data-widget_type=\"image.default\">\n\t\t\t\t<div class=\"elementor-widget-container\">\n\t\t\t\t\t\t\t\t\t\t\t\t\t\t\t<img decoding=\"async\" loading=\"lazy\" width=\"370\" height=\"500\" src=\"https:\/\/redsurfetp.alexandercasas.com\/wp-content\/uploads\/2023\/10\/avanzado.jpg\" class=\"attachment-large size-large wp-image-1463\" alt=\"Programa Epidemiolog\u00eda Avanzado\" srcset=\"https:\/\/redsurfetp.alexandercasas.com\/wp-content\/uploads\/2023\/10\/avanzado.jpg 370w, https:\/\/redsurfetp.alexandercasas.com\/wp-content\/uploads\/2023\/10\/avanzado-222x300.jpg 222w\" sizes=\"(max-width: 370px) 100vw, 370px\" \/>\t\t\t\t\t\t\t\t\t\t\t\t\t\t\t<\/div>\n\t\t\t\t<\/div>\n\t\t\t\t<\/div>\n\t\t<div class=\"elementor-element elementor-element-169d6ec e-con-full e-flex e-con e-child\" data-id=\"169d6ec\" data-element_type=\"container\" data-settings=\"{&quot;content_width&quot;:&quot;full&quot;}\">\n\t\t\t\t<div class=\"elementor-element elementor-element-d47d65a elementor-widget elementor-widget-text-editor\" data-id=\"d47d65a\" data-element_type=\"widget\" data-widget_type=\"text-editor.default\">\n\t\t\t\t<div class=\"elementor-widget-container\">\n\t\t\t<style>\/*! elementor - v3.16.0 - 09-10-2023 *\/\n.elementor-widget-text-editor.elementor-drop-cap-view-stacked .elementor-drop-cap{background-color:#69727d;color:#fff}.elementor-widget-text-editor.elementor-drop-cap-view-framed .elementor-drop-cap{color:#69727d;border:3px solid;background-color:transparent}.elementor-widget-text-editor:not(.elementor-drop-cap-view-default) .elementor-drop-cap{margin-top:8px}.elementor-widget-text-editor:not(.elementor-drop-cap-view-default) .elementor-drop-cap-letter{width:1em;height:1em}.elementor-widget-text-editor .elementor-drop-cap{float:left;text-align:center;line-height:1;font-size:50px}.elementor-widget-text-editor .elementor-drop-cap-letter{display:inline-block}<\/style>\t\t\t\t<h3 class=\"elementor-image-box-title elementor-inline-editing pen\" contenteditable=\"true\" data-elementor-setting-key=\"title_text\" data-elementor-inline-editing-toolbar=\"none\" data-pen-placeholder=\"Teclea aqu\u00ed...\">Nivel de Primera L\u00ednea (Frontline)\u200b<\/h3>\t\t\t\t\t\t<\/div>\n\t\t\t\t<\/div>\n\t\t\t\t<div class=\"elementor-element elementor-element-87806a0 elementor-widget elementor-widget-text-editor\" data-id=\"87806a0\" data-element_type=\"widget\" data-widget_type=\"text-editor.default\">\n\t\t\t\t<div class=\"elementor-widget-container\">\n\t\t\t\t\t\t\t<p>Es el nivel de ingreso al ciclo de formaci\u00f3n, otorga competencias b\u00e1sicas iniciales para quienes se desempe\u00f1an en el campo de la salud p\u00fablica tanto en el sector p\u00fablico como en el privado. <br \/>Se centra en fortalecer la detecci\u00f3n y respuesta de eventos de inter\u00e9s en salud p\u00fablica de importancia nacional o internacional. Los participantes aprenden y practican las destrezas fundamentales que se usan en la vigilancia epidemiol\u00f3gica de primera l\u00ednea.<\/p>\t\t\t\t\t\t<\/div>\n\t\t\t\t<\/div>\n\t\t\t\t<\/div>\n\t\t<div class=\"elementor-element elementor-element-cac54d7 e-con-full e-flex e-con e-child\" data-id=\"cac54d7\" data-element_type=\"container\" data-settings=\"{&quot;content_width&quot;:&quot;full&quot;}\">\n\t\t\t\t<div class=\"elementor-element elementor-element-d16b18a elementor-widget elementor-widget-text-editor\" data-id=\"d16b18a\" data-element_type=\"widget\" data-widget_type=\"text-editor.default\">\n\t\t\t\t<div class=\"elementor-widget-container\">\n\t\t\t\t\t\t\t<h3 class=\"elementor-image-box-title elementor-inline-editing pen\" contenteditable=\"true\" data-elementor-setting-key=\"title_text\" data-elementor-inline-editing-toolbar=\"none\" data-pen-placeholder=\"Teclea aqu\u00ed...\">Nivel Intermedio\u200b<\/h3>\t\t\t\t\t\t<\/div>\n\t\t\t\t<\/div>\n\t\t\t\t<div class=\"elementor-element elementor-element-c4a713a elementor-widget elementor-widget-text-editor\" data-id=\"c4a713a\" data-element_type=\"widget\" data-widget_type=\"text-editor.default\">\n\t\t\t\t<div class=\"elementor-widget-container\">\n\t\t\t\t\t\t\t<p>Se dirige a trabajadores de la vigilancia y respuesta en salud p\u00fablica para fortalecer sus capacidades en mejorar la calidad y uso de los datos, el an\u00e1lisis de la informaci\u00f3n y su capacidad de responder ante posibles brotes y amenazas en salud p\u00fablica. En este nivel, el entrenado cuenta con un grado de formaci\u00f3n especializada, o sea, puede ser considerado un epidemi\u00f3logo de campo con capacidades para conducir investigaciones en terreno.<\/p>\t\t\t\t\t\t<\/div>\n\t\t\t\t<\/div>\n\t\t\t\t<\/div>\n\t\t<div class=\"elementor-element elementor-element-08bc2df e-con-full e-flex e-con e-child\" data-id=\"08bc2df\" data-element_type=\"container\" data-settings=\"{&quot;content_width&quot;:&quot;full&quot;}\">\n\t\t\t\t<div class=\"elementor-element elementor-element-fe75f6c elementor-widget elementor-widget-text-editor\" data-id=\"fe75f6c\" data-element_type=\"widget\" data-widget_type=\"text-editor.default\">\n\t\t\t\t<div class=\"elementor-widget-container\">\n\t\t\t\t\t\t\t<h3 class=\"elementor-image-box-title elementor-inline-editing pen\" contenteditable=\"true\" data-elementor-setting-key=\"title_text\" data-elementor-inline-editing-toolbar=\"none\" data-pen-placeholder=\"Teclea aqu\u00ed...\">Nivel Avanzado<\/h3>\t\t\t\t\t\t<\/div>\n\t\t\t\t<\/div>\n\t\t\t\t<div class=\"elementor-element elementor-element-e963604 elementor-widget elementor-widget-text-editor\" data-id=\"e963604\" data-element_type=\"widget\" data-widget_type=\"text-editor.default\">\n\t\t\t\t<div class=\"elementor-widget-container\">\n\t\t\t\t\t\t\t<p>El nivel avanzado otorga el mayor desarrollo de competencias y conocimientos sobre la vigilancia en salud p\u00fablica y la epidemiolog\u00eda de campo. El entrenado se convierte en un profesional con alt\u00edsimas competencias para desarrollar actividades de vigilancia tanto de orden local como nacional, utilizando todo el conocimiento adquirido durante los dos a\u00f1os de formaci\u00f3n. En muchos pa\u00edses los entrenados de este nivel se convierten en tutores para garantizar la formaci\u00f3n de nuevos epidemi\u00f3logos con est\u00e1ndares de alta calidad.<\/p>\t\t\t\t\t\t<\/div>\n\t\t\t\t<\/div>\n\t\t\t\t<\/div>\n\t\t\t\t\t<\/div>\n\t\t\t\t<\/div>\n\t\t<div class=\"elementor-element elementor-element-258f6cd e-flex e-con-boxed e-con e-parent\" data-id=\"258f6cd\" data-element_type=\"container\" data-settings=\"{&quot;content_width&quot;:&quot;boxed&quot;}\" data-core-v316-plus=\"true\">\n\t\t\t\t\t<div class=\"e-con-inner\">\n\t\t<div class=\"elementor-element elementor-element-f8f02c8 e-con-full e-flex e-con e-child\" data-id=\"f8f02c8\" data-element_type=\"container\" data-settings=\"{&quot;content_width&quot;:&quot;full&quot;}\">\n\t\t\t\t<div class=\"elementor-element elementor-element-f7f5bce elementor-widget elementor-widget-text-editor\" data-id=\"f7f5bce\" data-element_type=\"widget\" data-widget_type=\"text-editor.default\">\n\t\t\t\t<div class=\"elementor-widget-container\">\n\t\t\t\t\t\t\t<h5><b>REDSUR desarrolla actividades\u00a0<span style=\"font-style: inherit; color: var(--ast-global-color-3); background-color: var(--ast-global-color-5);\">que buscan apoyar<br \/><\/span><span style=\"font-style: inherit; color: var(--ast-global-color-3); background-color: var(--ast-global-color-5);\">a los programas de epidemiolog\u00eda de campo<br \/><\/span><span style=\"font-style: inherit; color: var(--ast-global-color-3); background-color: var(--ast-global-color-5);\">de los pa\u00edses de la regi\u00f3n de Suram\u00e9rica.<\/span><\/b><\/h5>\t\t\t\t\t\t<\/div>\n\t\t\t\t<\/div>\n\t\t\t\t<\/div>\n\t\t<div class=\"elementor-element elementor-element-d88535a e-con-full e-flex e-con e-child\" data-id=\"d88535a\" data-element_type=\"container\" data-settings=\"{&quot;content_width&quot;:&quot;full&quot;}\">\n\t\t\t\t<div class=\"elementor-element elementor-element-78c9545 elementor-widget elementor-widget-image\" data-id=\"78c9545\" data-element_type=\"widget\" data-widget_type=\"image.default\">\n\t\t\t\t<div class=\"elementor-widget-container\">\n\t\t\t\t\t\t\t\t\t\t\t\t\t\t\t<img decoding=\"async\" loading=\"lazy\" width=\"1024\" height=\"421\" src=\"https:\/\/redsurfetp.alexandercasas.com\/wp-content\/uploads\/2023\/10\/Captura-de-Pantalla-2023-10-10-a-las-11.00.25-p.-m-1024x421.png\" class=\"attachment-large size-large wp-image-1474\" alt=\"Programas de Epidemiolog\u00eda de Campo\" srcset=\"https:\/\/redsurfetp.alexandercasas.com\/wp-content\/uploads\/2023\/10\/Captura-de-Pantalla-2023-10-10-a-las-11.00.25-p.-m-1024x421.png 1024w, https:\/\/redsurfetp.alexandercasas.com\/wp-content\/uploads\/2023\/10\/Captura-de-Pantalla-2023-10-10-a-las-11.00.25-p.-m-300x123.png 300w, https:\/\/redsurfetp.alexandercasas.com\/wp-content\/uploads\/2023\/10\/Captura-de-Pantalla-2023-10-10-a-las-11.00.25-p.-m-768x316.png 768w, https:\/\/redsurfetp.alexandercasas.com\/wp-content\/uploads\/2023\/10\/Captura-de-Pantalla-2023-10-10-a-las-11.00.25-p.-m.png 1044w\" sizes=\"(max-width: 1024px) 100vw, 1024px\" \/>\t\t\t\t\t\t\t\t\t\t\t\t\t\t\t<\/div>\n\t\t\t\t<\/div>\n\t\t\t\t<\/div>\n\t\t\t\t\t<\/div>\n\t\t\t\t<\/div>\n\t\t\t\t\t\t\t<\/div>\n\t\t","protected":false},"excerpt":{"rendered":"<p>Entrenamiento Programa de Entrenamiento\u200b Nivel de Primera L\u00ednea (Frontline)\u200b Es el nivel de ingreso al ciclo de formaci\u00f3n, otorga competencias b\u00e1sicas iniciales para quienes se desempe\u00f1an en el campo de la salud p\u00fablica tanto en el sector p\u00fablico como en el privado. Se centra en fortalecer la detecci\u00f3n y respuesta de eventos de inter\u00e9s en &hellip;<\/p>\n<p class=\"read-more\"> <a class=\"\" href=\"https:\/\/redsurfetp.alexandercasas.com\/index.php\/entrenamiento\/\"> <span class=\"screen-reader-text\">Entrenamiento<\/span> Read More &raquo;<\/a><\/p>\n","protected":false},"author":1,"featured_media":0,"parent":0,"menu_order":0,"comment_status":"closed","ping_status":"closed","template":"","meta":{"site-sidebar-layout":"no-sidebar","site-content-layout":"page-builder","ast-site-content-layout":"full-width-container","site-content-style":"default","site-sidebar-style":"default","ast-global-header-display":"","ast-banner-title-visibility":"","ast-main-header-display":"","ast-hfb-above-header-display":"","ast-hfb-below-header-display":"","ast-hfb-mobile-header-display":"","site-post-title":"disabled","ast-breadcrumbs-content":"","ast-featured-img":"disabled","footer-sml-layout":"","theme-transparent-header-meta":"","adv-header-id-meta":"","stick-header-meta":"","header-above-stick-meta":"","header-main-stick-meta":"","header-below-stick-meta":"","astra-migrate-meta-layouts":"","footnotes":""},"_links":{"self":[{"href":"https:\/\/redsurfetp.alexandercasas.com\/index.php\/wp-json\/wp\/v2\/pages\/1377"}],"collection":[{"href":"https:\/\/redsurfetp.alexandercasas.com\/index.php\/wp-json\/wp\/v2\/pages"}],"about":[{"href":"https:\/\/redsurfetp.alexandercasas.com\/index.php\/wp-json\/wp\/v2\/types\/page"}],"author":[{"embeddable":true,"href":"https:\/\/redsurfetp.alexandercasas.com\/index.php\/wp-json\/wp\/v2\/users\/1"}],"replies":[{"embeddable":true,"href":"https:\/\/redsurfetp.alexandercasas.com\/index.php\/wp-json\/wp\/v2\/comments?post=1377"}],"version-history":[{"count":11,"href":"https:\/\/redsurfetp.alexandercasas.com\/index.php\/wp-json\/wp\/v2\/pages\/1377\/revisions"}],"predecessor-version":[{"id":1595,"href":"https:\/\/redsurfetp.alexandercasas.com\/index.php\/wp-json\/wp\/v2\/pages\/1377\/revisions\/1595"}],"wp:attachment":[{"href":"https:\/\/redsurfetp.alexandercasas.com\/index.php\/wp-json\/wp\/v2\/media?parent=1377"}],"curies":[{"name":"wp","href":"https:\/\/api.w.org\/{rel}","templated":true}]}}