{"id":1350,"date":"2023-10-11T01:01:41","date_gmt":"2023-10-10T23:01:41","guid":{"rendered":"https:\/\/redsurfetp.alexandercasas.com\/?page_id=1350"},"modified":"2023-10-12T03:50:20","modified_gmt":"2023-10-12T01:50:20","slug":"estructura","status":"publish","type":"page","link":"https:\/\/redsurfetp.alexandercasas.com\/index.php\/estructura\/","title":{"rendered":"Estructura"},"content":{"rendered":"\t\t<div data-elementor-type=\"wp-page\" data-elementor-id=\"1350\" class=\"elementor elementor-1350\">\n\t\t\t\t\t\t\t\t\t<section class=\"elementor-section elementor-top-section elementor-element elementor-element-e3w5w53 elementor-section-content-top elementor-section-boxed elementor-section-height-default elementor-section-height-default\" data-id=\"e3w5w53\" data-element_type=\"section\" data-settings=\"{&quot;background_background&quot;:&quot;classic&quot;}\">\n\t\t\t\t\t\t\t<div class=\"elementor-background-overlay\"><\/div>\n\t\t\t\t\t\t\t<div class=\"elementor-container elementor-column-gap-no\">\n\t\t\t\t\t<div class=\"elementor-column elementor-col-100 elementor-top-column elementor-element elementor-element-51e9076\" data-id=\"51e9076\" data-element_type=\"column\">\n\t\t\t<div class=\"elementor-widget-wrap elementor-element-populated\">\n\t\t\t\t\t\t\t\t<div class=\"elementor-element elementor-element-bfa6d99 elementor-widget elementor-widget-heading\" data-id=\"bfa6d99\" data-element_type=\"widget\" data-widget_type=\"heading.default\">\n\t\t\t\t<div class=\"elementor-widget-container\">\n\t\t\t<style>\/*! elementor - v3.16.0 - 09-10-2023 *\/\n.elementor-heading-title{padding:0;margin:0;line-height:1}.elementor-widget-heading .elementor-heading-title[class*=elementor-size-]>a{color:inherit;font-size:inherit;line-height:inherit}.elementor-widget-heading .elementor-heading-title.elementor-size-small{font-size:15px}.elementor-widget-heading .elementor-heading-title.elementor-size-medium{font-size:19px}.elementor-widget-heading .elementor-heading-title.elementor-size-large{font-size:29px}.elementor-widget-heading .elementor-heading-title.elementor-size-xl{font-size:39px}.elementor-widget-heading .elementor-heading-title.elementor-size-xxl{font-size:59px}<\/style><h2 class=\"elementor-heading-title elementor-size-default\">Estructura Organizacional<\/h2>\t\t<\/div>\n\t\t\t\t<\/div>\n\t\t\t\t\t<\/div>\n\t\t<\/div>\n\t\t\t\t\t\t\t<\/div>\n\t\t<\/section>\n\t\t<div class=\"elementor-element elementor-element-9fdbbcb e-flex e-con-boxed e-con e-parent\" data-id=\"9fdbbcb\" data-element_type=\"container\" data-settings=\"{&quot;content_width&quot;:&quot;boxed&quot;}\" data-core-v316-plus=\"true\">\n\t\t\t\t\t<div class=\"e-con-inner\">\n\t\t\t\t<div class=\"elementor-element elementor-element-c65d3ea elementor-widget elementor-widget-text-editor\" data-id=\"c65d3ea\" data-element_type=\"widget\" data-widget_type=\"text-editor.default\">\n\t\t\t\t<div class=\"elementor-widget-container\">\n\t\t\t<style>\/*! elementor - v3.16.0 - 09-10-2023 *\/\n.elementor-widget-text-editor.elementor-drop-cap-view-stacked .elementor-drop-cap{background-color:#69727d;color:#fff}.elementor-widget-text-editor.elementor-drop-cap-view-framed .elementor-drop-cap{color:#69727d;border:3px solid;background-color:transparent}.elementor-widget-text-editor:not(.elementor-drop-cap-view-default) .elementor-drop-cap{margin-top:8px}.elementor-widget-text-editor:not(.elementor-drop-cap-view-default) .elementor-drop-cap-letter{width:1em;height:1em}.elementor-widget-text-editor .elementor-drop-cap{float:left;text-align:center;line-height:1;font-size:50px}.elementor-widget-text-editor .elementor-drop-cap-letter{display:inline-block}<\/style>\t\t\t\t<p style=\"font-weight: 400;\">Comit\u00e9 T\u00e9cnico General de la REDSUR<\/p><p style=\"font-weight: 400;\"><strong>L\u00edder:<\/strong> FETP Colombia<\/p><p style=\"font-weight: 400;\"><strong>Col\u00edder:<\/strong> FETP Per\u00fa<\/p><p style=\"font-weight: 400;\"><strong>Secretar\u00eda general:<\/strong> FETP Brasil<\/p><p style=\"font-weight: 400;\">Tres subcomit\u00e9s:<\/p><ul><li>Subcomit\u00e9 de seguimiento a la formalizaci\u00f3n de la red<\/li><li>Subcomit\u00e9 de seguimiento al plan estrat\u00e9gico y al plan de acci\u00f3n<\/li><li>Subcomit\u00e9 de construcci\u00f3n del plan de comunicaciones.<\/li><\/ul><p style=\"font-weight: 400;\">\u00a0<\/p><p style=\"font-weight: 400;\">Por lo anterior se procedi\u00f3 a la definici\u00f3n de forma voluntaria de los pa\u00edses que liderar\u00e1n cada comit\u00e9:<\/p><ul><li>Comit\u00e9 de seguimiento a formalizaci\u00f3n de la Red:<\/li><\/ul><p style=\"font-weight: 400;\"><strong>FETP: Brasil &#8211; Paraguay <\/strong><\/p><ul><li>Comit\u00e9 de seguimiento al plan estrat\u00e9gico y plan de acci\u00f3n:<\/li><\/ul><p style=\"font-weight: 400;\"><strong>FETP: Colombia &#8211; Per\u00fa \u2013 Ecuador<\/strong><\/p><ul><li>Comit\u00e9 de construcci\u00f3n de plan de comunicaciones:<\/li><\/ul><p style=\"font-weight: 400;\"><strong>FETP: Argentina \u2013 Uruguay<\/strong><\/p><p style=\"font-weight: 400;\"><strong>\u00a0<\/strong><\/p><p style=\"font-weight: 400;\">Funciones de los diferentes actores de la red, adoptadas y adaptadas del documento antiguo:<\/p><p style=\"font-weight: 400;\">\u00a0<\/p><p style=\"font-weight: 400;\"><strong>Comit\u00e9 t\u00e9cnico general<\/strong><\/p><ul><li>Velar por el cumplimiento de los acuerdos que tengamos entre los pa\u00edses<\/li><li>Establecer pol\u00edticas generales, estrategias y programas a seguir por REDSUR<\/li><li>Promover la realizaci\u00f3n de estudios y proyectos sobre organizaci\u00f3n y desarrollo de los FETP<\/li><li>Evaluar la implementaci\u00f3n de los lineamientos de REDSUR y elaborar proyectos de reforma de los lineamientos en caso de considerarlo necesario<\/li><li>Evaluar la pertinencia de la incorporaci\u00f3n de miembros, de acuerdo con los lineamientos<\/li><li>Resolver los conflictos en temas de competencia no previstos en los lineamientos<\/li><\/ul><p style=\"font-weight: 400;\">\u00a0<\/p><p style=\"font-weight: 400;\"><strong>L\u00edder<\/strong><\/p><ul><li>Presidir las reuniones<\/li><li>Preparar los reportes anuales del comit\u00e9 t\u00e9cnico de la REDSUR<\/li><li>Preparar los planes de acci\u00f3n con el subcomit\u00e9 correspondiente<\/li><li>Representar protocolariamente a la REDSUR o definir quien lo representa<\/li><li>Propiciar alianzas estrat\u00e9gicas<\/li><li>Otros definidos por el comit\u00e9 t\u00e9cnico<\/li><\/ul><p style=\"font-weight: 400;\">\u00a0<\/p><p style=\"font-weight: 400;\"><strong>Col\u00edder<\/strong><\/p><ul><li>Acompa\u00f1ar\u00e1 al l\u00edder en todo el proceso para que pueda formarse y asumir el liderazgo a futuro. Es el encargado de reemplazar las funciones del l\u00edder cuando este \u00faltimo no pueda participar por enfermedad, incapacidad o porque se encuentre ausente y delegue las funciones al col\u00edder.<\/li><\/ul><p style=\"font-weight: 400;\">\u00a0<\/p><p style=\"font-weight: 400;\"><strong>Secretar\u00eda general <\/strong><\/p><ul><li>Convocar las reuniones de REDSUR<\/li><li>Realizar el seguimiento a las convocatorias y compromisos designadas a los miembros<\/li><li>Colaborar en la preparaci\u00f3n de los reportes anuales<\/li><li>Socializar los planes de acci\u00f3n entre los miembros<\/li><li>Coordinar las acciones de protocolo que demande la REDSUR<\/li><li>Compartir convocatorias, informes, documentos, propuestas de reformulaci\u00f3n, etc. con los miembros de REDSUR<\/li><\/ul>\t\t\t\t\t\t<\/div>\n\t\t\t\t<\/div>\n\t\t\t\t\t<\/div>\n\t\t\t\t<\/div>\n\t\t\t\t\t\t\t<\/div>\n\t\t","protected":false},"excerpt":{"rendered":"<p>Estructura Organizacional Comit\u00e9 T\u00e9cnico General de la REDSUR L\u00edder: FETP Colombia Col\u00edder: FETP Per\u00fa Secretar\u00eda general: FETP Brasil Tres subcomit\u00e9s: Subcomit\u00e9 de seguimiento a la formalizaci\u00f3n de la red Subcomit\u00e9 de seguimiento al plan estrat\u00e9gico y al plan de acci\u00f3n Subcomit\u00e9 de construcci\u00f3n del plan de comunicaciones. \u00a0 Por lo anterior se procedi\u00f3 a la &hellip;<\/p>\n<p class=\"read-more\"> <a class=\"\" href=\"https:\/\/redsurfetp.alexandercasas.com\/index.php\/estructura\/\"> <span class=\"screen-reader-text\">Estructura<\/span> Read More &raquo;<\/a><\/p>\n","protected":false},"author":1,"featured_media":0,"parent":0,"menu_order":0,"comment_status":"closed","ping_status":"closed","template":"","meta":{"site-sidebar-layout":"no-sidebar","site-content-layout":"page-builder","ast-site-content-layout":"full-width-container","site-content-style":"default","site-sidebar-style":"default","ast-global-header-display":"","ast-banner-title-visibility":"","ast-main-header-display":"","ast-hfb-above-header-display":"","ast-hfb-below-header-display":"","ast-hfb-mobile-header-display":"","site-post-title":"disabled","ast-breadcrumbs-content":"","ast-featured-img":"disabled","footer-sml-layout":"","theme-transparent-header-meta":"","adv-header-id-meta":"","stick-header-meta":"","header-above-stick-meta":"","header-main-stick-meta":"","header-below-stick-meta":"","astra-migrate-meta-layouts":"","footnotes":""},"_links":{"self":[{"href":"https:\/\/redsurfetp.alexandercasas.com\/index.php\/wp-json\/wp\/v2\/pages\/1350"}],"collection":[{"href":"https:\/\/redsurfetp.alexandercasas.com\/index.php\/wp-json\/wp\/v2\/pages"}],"about":[{"href":"https:\/\/redsurfetp.alexandercasas.com\/index.php\/wp-json\/wp\/v2\/types\/page"}],"author":[{"embeddable":true,"href":"https:\/\/redsurfetp.alexandercasas.com\/index.php\/wp-json\/wp\/v2\/users\/1"}],"replies":[{"embeddable":true,"href":"https:\/\/redsurfetp.alexandercasas.com\/index.php\/wp-json\/wp\/v2\/comments?post=1350"}],"version-history":[{"count":7,"href":"https:\/\/redsurfetp.alexandercasas.com\/index.php\/wp-json\/wp\/v2\/pages\/1350\/revisions"}],"predecessor-version":[{"id":1570,"href":"https:\/\/redsurfetp.alexandercasas.com\/index.php\/wp-json\/wp\/v2\/pages\/1350\/revisions\/1570"}],"wp:attachment":[{"href":"https:\/\/redsurfetp.alexandercasas.com\/index.php\/wp-json\/wp\/v2\/media?parent=1350"}],"curies":[{"name":"wp","href":"https:\/\/api.w.org\/{rel}","templated":true}]}}