{"id":1318,"date":"2021-11-21T15:12:46","date_gmt":"2021-11-21T14:12:46","guid":{"rendered":"https:\/\/redsurfetp.alexandercasas.com\/index.php\/home\/"},"modified":"2023-10-18T01:47:06","modified_gmt":"2023-10-17T23:47:06","slug":"inicio","status":"publish","type":"page","link":"https:\/\/redsurfetp.alexandercasas.com\/","title":{"rendered":"Inicio"},"content":{"rendered":"\t\t<div data-elementor-type=\"wp-page\" data-elementor-id=\"1318\" class=\"elementor elementor-1318\">\n\t\t\t\t\t\t\t\t\t<section class=\"elementor-section elementor-top-section elementor-element elementor-element-ca7541c elementor-section-height-min-height elementor-section-boxed elementor-section-height-default elementor-section-items-middle\" data-id=\"ca7541c\" data-element_type=\"section\" data-settings=\"{&quot;background_background&quot;:&quot;classic&quot;}\">\n\t\t\t\t\t\t\t<div class=\"elementor-background-overlay\"><\/div>\n\t\t\t\t\t\t\t<div class=\"elementor-container elementor-column-gap-default\">\n\t\t\t\t\t<div class=\"elementor-column elementor-col-100 elementor-top-column elementor-element elementor-element-be10890\" data-id=\"be10890\" data-element_type=\"column\">\n\t\t\t<div class=\"elementor-widget-wrap elementor-element-populated\">\n\t\t\t\t\t\t\t\t<div class=\"elementor-element elementor-element-0708f7f elementor-invisible elementor-widget elementor-widget-heading\" data-id=\"0708f7f\" data-element_type=\"widget\" data-settings=\"{&quot;_animation&quot;:&quot;slideInDown&quot;}\" data-widget_type=\"heading.default\">\n\t\t\t\t<div class=\"elementor-widget-container\">\n\t\t\t<style>\/*! elementor - v3.16.0 - 09-10-2023 *\/\n.elementor-heading-title{padding:0;margin:0;line-height:1}.elementor-widget-heading .elementor-heading-title[class*=elementor-size-]>a{color:inherit;font-size:inherit;line-height:inherit}.elementor-widget-heading .elementor-heading-title.elementor-size-small{font-size:15px}.elementor-widget-heading .elementor-heading-title.elementor-size-medium{font-size:19px}.elementor-widget-heading .elementor-heading-title.elementor-size-large{font-size:29px}.elementor-widget-heading .elementor-heading-title.elementor-size-xl{font-size:39px}.elementor-widget-heading .elementor-heading-title.elementor-size-xxl{font-size:59px}<\/style><h1 class=\"elementor-heading-title elementor-size-small\">RedSur<\/h1>\t\t<\/div>\n\t\t\t\t<\/div>\n\t\t\t\t<div class=\"elementor-element elementor-element-8234750 elementor-widget elementor-widget-text-editor\" data-id=\"8234750\" data-element_type=\"widget\" data-widget_type=\"text-editor.default\">\n\t\t\t\t<div class=\"elementor-widget-container\">\n\t\t\t<style>\/*! elementor - v3.16.0 - 09-10-2023 *\/\n.elementor-widget-text-editor.elementor-drop-cap-view-stacked .elementor-drop-cap{background-color:#69727d;color:#fff}.elementor-widget-text-editor.elementor-drop-cap-view-framed .elementor-drop-cap{color:#69727d;border:3px solid;background-color:transparent}.elementor-widget-text-editor:not(.elementor-drop-cap-view-default) .elementor-drop-cap{margin-top:8px}.elementor-widget-text-editor:not(.elementor-drop-cap-view-default) .elementor-drop-cap-letter{width:1em;height:1em}.elementor-widget-text-editor .elementor-drop-cap{float:left;text-align:center;line-height:1;font-size:50px}.elementor-widget-text-editor .elementor-drop-cap-letter{display:inline-block}<\/style>\t\t\t\t<p><span style=\"caret-color: #ffffff; color: #ffffff; font-size: 17px; font-weight: 600; text-align: center;\">Red de Programas<\/span><br style=\"caret-color: #ffffff; color: #ffffff; font-size: 17px; font-weight: 600; text-align: center;\" \/><span style=\"caret-color: #ffffff; color: #ffffff; font-size: 17px; font-weight: 600; text-align: center;\">de Epidemiolog\u00eda de Campo<\/span><br style=\"caret-color: #ffffff; color: #ffffff; font-size: 17px; font-weight: 600; text-align: center;\" \/><span style=\"caret-color: #ffffff; color: #ffffff; font-size: 17px; font-weight: 600; text-align: center;\">en Am\u00e9rica del Sur<\/span><\/p>\t\t\t\t\t\t<\/div>\n\t\t\t\t<\/div>\n\t\t\t\t<div class=\"elementor-element elementor-element-b78c0f0 elementor-align-left elementor-mobile-align-center elementor-widget elementor-widget-button\" data-id=\"b78c0f0\" data-element_type=\"widget\" data-widget_type=\"button.default\">\n\t\t\t\t<div class=\"elementor-widget-container\">\n\t\t\t\t\t<div class=\"elementor-button-wrapper\">\n\t\t\t<a class=\"elementor-button elementor-button-link elementor-size-sm\" href=\"https:\/\/redsurfetp.alexandercasas.com\/index.php\/entrenamiento\/\" target=\"_blank\">\n\t\t\t\t\t\t<span class=\"elementor-button-content-wrapper\">\n\t\t\t\t\t\t<span class=\"elementor-button-text\">Ver entrenamiento<\/span>\n\t\t<\/span>\n\t\t\t\t\t<\/a>\n\t\t<\/div>\n\t\t\t\t<\/div>\n\t\t\t\t<\/div>\n\t\t\t\t\t<\/div>\n\t\t<\/div>\n\t\t\t\t\t\t\t<\/div>\n\t\t<\/section>\n\t\t<div class=\"elementor-element elementor-element-8d0016e e-flex e-con-boxed e-con e-parent\" data-id=\"8d0016e\" data-element_type=\"container\" data-settings=\"{&quot;content_width&quot;:&quot;boxed&quot;}\" data-core-v316-plus=\"true\">\n\t\t\t\t\t<div class=\"e-con-inner\">\n\t\t<div class=\"elementor-element elementor-element-b7e5864 e-con-full e-flex e-con e-child\" data-id=\"b7e5864\" data-element_type=\"container\" data-settings=\"{&quot;content_width&quot;:&quot;full&quot;}\">\n\t\t\t\t<\/div>\n\t\t<div class=\"elementor-element elementor-element-e66c62c e-con-full e-flex e-con e-child\" data-id=\"e66c62c\" data-element_type=\"container\" data-settings=\"{&quot;content_width&quot;:&quot;full&quot;}\">\n\t\t\t\t<div class=\"elementor-element elementor-element-d2ae852 elementor-widget elementor-widget-text-editor\" data-id=\"d2ae852\" data-element_type=\"widget\" data-widget_type=\"text-editor.default\">\n\t\t\t\t<div class=\"elementor-widget-container\">\n\t\t\t\t\t\t\t<p>Los Programas de Epidemiologia de Campo (FETP) desempe\u00f1an un papel fundamental en el avance de la seguridad sanitaria mundial mediante la creaci\u00f3n de la fuerza laboral de salud p\u00fablica necesaria para que los pa\u00edses detecten y respondan a amenazas graves para la salud p\u00fabica, incluidos brotes y desastres naturales.<\/p>\t\t\t\t\t\t<\/div>\n\t\t\t\t<\/div>\n\t\t\t\t<\/div>\n\t\t<div class=\"elementor-element elementor-element-1af73bf e-con-full e-flex e-con e-child\" data-id=\"1af73bf\" data-element_type=\"container\" data-settings=\"{&quot;content_width&quot;:&quot;full&quot;}\">\n\t\t\t\t<\/div>\n\t\t\t\t\t<\/div>\n\t\t\t\t<\/div>\n\t\t\t\t<section class=\"elementor-section elementor-top-section elementor-element elementor-element-7701125 elementor-section-boxed elementor-section-height-default elementor-section-height-default\" data-id=\"7701125\" data-element_type=\"section\">\n\t\t\t\t\t\t<div class=\"elementor-container elementor-column-gap-default\">\n\t\t\t\t\t<div class=\"elementor-column elementor-col-100 elementor-top-column elementor-element elementor-element-9ad04ba\" data-id=\"9ad04ba\" data-element_type=\"column\">\n\t\t\t<div class=\"elementor-widget-wrap elementor-element-populated\">\n\t\t\t\t\t\t\t\t<div class=\"elementor-element elementor-element-13ae7bf elementor-widget elementor-widget-heading\" data-id=\"13ae7bf\" data-element_type=\"widget\" data-widget_type=\"heading.default\">\n\t\t\t\t<div class=\"elementor-widget-container\">\n\t\t\t<h2 class=\"elementor-heading-title elementor-size-default\">Programa de Entrenamiento<\/h2>\t\t<\/div>\n\t\t\t\t<\/div>\n\t\t\t\t<div class=\"elementor-element elementor-element-9c7221f elementor-widget-divider--view-line elementor-widget elementor-widget-divider\" data-id=\"9c7221f\" data-element_type=\"widget\" data-widget_type=\"divider.default\">\n\t\t\t\t<div class=\"elementor-widget-container\">\n\t\t\t<style>\/*! elementor - v3.16.0 - 09-10-2023 *\/\n.elementor-widget-divider{--divider-border-style:none;--divider-border-width:1px;--divider-color:#0c0d0e;--divider-icon-size:20px;--divider-element-spacing:10px;--divider-pattern-height:24px;--divider-pattern-size:20px;--divider-pattern-url:none;--divider-pattern-repeat:repeat-x}.elementor-widget-divider .elementor-divider{display:flex}.elementor-widget-divider .elementor-divider__text{font-size:15px;line-height:1;max-width:95%}.elementor-widget-divider .elementor-divider__element{margin:0 var(--divider-element-spacing);flex-shrink:0}.elementor-widget-divider .elementor-icon{font-size:var(--divider-icon-size)}.elementor-widget-divider .elementor-divider-separator{display:flex;margin:0;direction:ltr}.elementor-widget-divider--view-line_icon .elementor-divider-separator,.elementor-widget-divider--view-line_text .elementor-divider-separator{align-items:center}.elementor-widget-divider--view-line_icon .elementor-divider-separator:after,.elementor-widget-divider--view-line_icon .elementor-divider-separator:before,.elementor-widget-divider--view-line_text .elementor-divider-separator:after,.elementor-widget-divider--view-line_text .elementor-divider-separator:before{display:block;content:\"\";border-bottom:0;flex-grow:1;border-top:var(--divider-border-width) var(--divider-border-style) var(--divider-color)}.elementor-widget-divider--element-align-left .elementor-divider .elementor-divider-separator>.elementor-divider__svg:first-of-type{flex-grow:0;flex-shrink:100}.elementor-widget-divider--element-align-left .elementor-divider-separator:before{content:none}.elementor-widget-divider--element-align-left .elementor-divider__element{margin-left:0}.elementor-widget-divider--element-align-right .elementor-divider .elementor-divider-separator>.elementor-divider__svg:last-of-type{flex-grow:0;flex-shrink:100}.elementor-widget-divider--element-align-right .elementor-divider-separator:after{content:none}.elementor-widget-divider--element-align-right .elementor-divider__element{margin-right:0}.elementor-widget-divider:not(.elementor-widget-divider--view-line_text):not(.elementor-widget-divider--view-line_icon) .elementor-divider-separator{border-top:var(--divider-border-width) var(--divider-border-style) var(--divider-color)}.elementor-widget-divider--separator-type-pattern{--divider-border-style:none}.elementor-widget-divider--separator-type-pattern.elementor-widget-divider--view-line .elementor-divider-separator,.elementor-widget-divider--separator-type-pattern:not(.elementor-widget-divider--view-line) .elementor-divider-separator:after,.elementor-widget-divider--separator-type-pattern:not(.elementor-widget-divider--view-line) .elementor-divider-separator:before,.elementor-widget-divider--separator-type-pattern:not([class*=elementor-widget-divider--view]) .elementor-divider-separator{width:100%;min-height:var(--divider-pattern-height);-webkit-mask-size:var(--divider-pattern-size) 100%;mask-size:var(--divider-pattern-size) 100%;-webkit-mask-repeat:var(--divider-pattern-repeat);mask-repeat:var(--divider-pattern-repeat);background-color:var(--divider-color);-webkit-mask-image:var(--divider-pattern-url);mask-image:var(--divider-pattern-url)}.elementor-widget-divider--no-spacing{--divider-pattern-size:auto}.elementor-widget-divider--bg-round{--divider-pattern-repeat:round}.rtl .elementor-widget-divider .elementor-divider__text{direction:rtl}.e-con-inner>.elementor-widget-divider,.e-con>.elementor-widget-divider{width:var(--container-widget-width,100%);--flex-grow:var(--container-widget-flex-grow)}<\/style>\t\t<div class=\"elementor-divider\">\n\t\t\t<span class=\"elementor-divider-separator\">\n\t\t\t\t\t\t<\/span>\n\t\t<\/div>\n\t\t\t\t<\/div>\n\t\t\t\t<\/div>\n\t\t\t\t<section class=\"elementor-section elementor-inner-section elementor-element elementor-element-ef970f2 elementor-section-full_width elementor-section-height-default elementor-section-height-default\" data-id=\"ef970f2\" data-element_type=\"section\">\n\t\t\t\t\t\t<div class=\"elementor-container elementor-column-gap-default\">\n\t\t\t\t\t<div class=\"elementor-column elementor-col-33 elementor-inner-column elementor-element elementor-element-fd27b31\" data-id=\"fd27b31\" data-element_type=\"column\">\n\t\t\t<div class=\"elementor-widget-wrap elementor-element-populated\">\n\t\t\t\t\t\t\t\t<div class=\"elementor-element elementor-element-bff2ac9 elementor-widget elementor-widget-image\" data-id=\"bff2ac9\" data-element_type=\"widget\" data-widget_type=\"image.default\">\n\t\t\t\t<div class=\"elementor-widget-container\">\n\t\t\t<style>\/*! elementor - v3.16.0 - 09-10-2023 *\/\n.elementor-widget-image{text-align:center}.elementor-widget-image a{display:inline-block}.elementor-widget-image a img[src$=\".svg\"]{width:48px}.elementor-widget-image img{vertical-align:middle;display:inline-block}<\/style>\t\t\t\t\t\t\t\t\t\t\t\t<img decoding=\"async\" loading=\"lazy\" width=\"370\" height=\"500\" src=\"https:\/\/redsurfetp.alexandercasas.com\/wp-content\/uploads\/2023\/10\/frontline.jpg\" class=\"attachment-full size-full wp-image-1464\" alt=\"Primera L\u00ednea Frontline\" srcset=\"https:\/\/redsurfetp.alexandercasas.com\/wp-content\/uploads\/2023\/10\/frontline.jpg 370w, https:\/\/redsurfetp.alexandercasas.com\/wp-content\/uploads\/2023\/10\/frontline-222x300.jpg 222w\" sizes=\"(max-width: 370px) 100vw, 370px\" \/>\t\t\t\t\t\t\t\t\t\t\t\t\t\t\t<\/div>\n\t\t\t\t<\/div>\n\t\t\t\t<div class=\"elementor-element elementor-element-54a2f8d elementor-widget elementor-widget-image-box\" data-id=\"54a2f8d\" data-element_type=\"widget\" data-widget_type=\"image-box.default\">\n\t\t\t\t<div class=\"elementor-widget-container\">\n\t\t\t<style>\/*! elementor - v3.16.0 - 09-10-2023 *\/\n.elementor-widget-image-box .elementor-image-box-content{width:100%}@media (min-width:768px){.elementor-widget-image-box.elementor-position-left .elementor-image-box-wrapper,.elementor-widget-image-box.elementor-position-right .elementor-image-box-wrapper{display:flex}.elementor-widget-image-box.elementor-position-right .elementor-image-box-wrapper{text-align:right;flex-direction:row-reverse}.elementor-widget-image-box.elementor-position-left .elementor-image-box-wrapper{text-align:left;flex-direction:row}.elementor-widget-image-box.elementor-position-top .elementor-image-box-img{margin:auto}.elementor-widget-image-box.elementor-vertical-align-top .elementor-image-box-wrapper{align-items:flex-start}.elementor-widget-image-box.elementor-vertical-align-middle .elementor-image-box-wrapper{align-items:center}.elementor-widget-image-box.elementor-vertical-align-bottom .elementor-image-box-wrapper{align-items:flex-end}}@media (max-width:767px){.elementor-widget-image-box .elementor-image-box-img{margin-left:auto!important;margin-right:auto!important;margin-bottom:15px}}.elementor-widget-image-box .elementor-image-box-img{display:inline-block}.elementor-widget-image-box .elementor-image-box-title a{color:inherit}.elementor-widget-image-box .elementor-image-box-wrapper{text-align:center}.elementor-widget-image-box .elementor-image-box-description{margin:0}<\/style><div class=\"elementor-image-box-wrapper\"><div class=\"elementor-image-box-content\"><h3 class=\"elementor-image-box-title\">Nivel de Primera L\u00ednea (Frontline)<\/h3><p class=\"elementor-image-box-description\">Es el nivel de ingreso al ciclo de formaci\u00f3n, otorga competencias b\u00e1sicas iniciales para quienes se desempe\u00f1an en el campo de la salud p\u00fablica tanto en el sector p\u00fablico como en el privado. \nSe centra en fortalecer la detecci\u00f3n y respuesta de eventos de inter\u00e9s en salud p\u00fablica de importancia nacional o internacional. Los participantes aprenden y practican las destrezas fundamentales que se usan en la vigilancia epidemiol\u00f3gica de primera l\u00ednea.<\/p><\/div><\/div>\t\t<\/div>\n\t\t\t\t<\/div>\n\t\t\t\t\t<\/div>\n\t\t<\/div>\n\t\t\t\t<div class=\"elementor-column elementor-col-33 elementor-inner-column elementor-element elementor-element-e6971ee\" data-id=\"e6971ee\" data-element_type=\"column\">\n\t\t\t<div class=\"elementor-widget-wrap elementor-element-populated\">\n\t\t\t\t\t\t\t\t<div class=\"elementor-element elementor-element-1e4bc45 elementor-widget elementor-widget-image\" data-id=\"1e4bc45\" data-element_type=\"widget\" data-widget_type=\"image.default\">\n\t\t\t\t<div class=\"elementor-widget-container\">\n\t\t\t\t\t\t\t\t\t\t\t\t\t\t\t<img decoding=\"async\" loading=\"lazy\" width=\"370\" height=\"500\" src=\"https:\/\/redsurfetp.alexandercasas.com\/wp-content\/uploads\/2023\/10\/intermedio.jpg\" class=\"attachment-full size-full wp-image-1465\" alt=\"Programa Epidemiolog\u00eda Intermedio\" srcset=\"https:\/\/redsurfetp.alexandercasas.com\/wp-content\/uploads\/2023\/10\/intermedio.jpg 370w, https:\/\/redsurfetp.alexandercasas.com\/wp-content\/uploads\/2023\/10\/intermedio-222x300.jpg 222w\" sizes=\"(max-width: 370px) 100vw, 370px\" \/>\t\t\t\t\t\t\t\t\t\t\t\t\t\t\t<\/div>\n\t\t\t\t<\/div>\n\t\t\t\t<div class=\"elementor-element elementor-element-f07647b elementor-widget elementor-widget-image-box\" data-id=\"f07647b\" data-element_type=\"widget\" data-widget_type=\"image-box.default\">\n\t\t\t\t<div class=\"elementor-widget-container\">\n\t\t\t<div class=\"elementor-image-box-wrapper\"><div class=\"elementor-image-box-content\"><h3 class=\"elementor-image-box-title\">Nivel Intermedio<\/h3><p class=\"elementor-image-box-description\">Se dirige a trabajadores de la vigilancia y respuesta en salud p\u00fablica para fortalecer sus capacidades en mejorar la calidad y uso de los datos, el an\u00e1lisis de la informaci\u00f3n y su capacidad de responder ante posibles brotes y amenazas en salud p\u00fablica.\nEn este nivel, el entrenado cuenta con un grado de formaci\u00f3n especializada, o sea, puede ser considerado un epidemi\u00f3logo de campo con capacidades para conducir investigaciones en terreno.<\/p><\/div><\/div>\t\t<\/div>\n\t\t\t\t<\/div>\n\t\t\t\t\t<\/div>\n\t\t<\/div>\n\t\t\t\t<div class=\"elementor-column elementor-col-33 elementor-inner-column elementor-element elementor-element-b809155\" data-id=\"b809155\" data-element_type=\"column\">\n\t\t\t<div class=\"elementor-widget-wrap elementor-element-populated\">\n\t\t\t\t\t\t\t\t<div class=\"elementor-element elementor-element-6b792a3 elementor-widget elementor-widget-image\" data-id=\"6b792a3\" data-element_type=\"widget\" data-widget_type=\"image.default\">\n\t\t\t\t<div class=\"elementor-widget-container\">\n\t\t\t\t\t\t\t\t\t\t\t\t\t\t\t<img decoding=\"async\" loading=\"lazy\" width=\"370\" height=\"500\" src=\"https:\/\/redsurfetp.alexandercasas.com\/wp-content\/uploads\/2023\/10\/avanzado.jpg\" class=\"attachment-full size-full wp-image-1463\" alt=\"Programa Epidemiolog\u00eda Avanzado\" srcset=\"https:\/\/redsurfetp.alexandercasas.com\/wp-content\/uploads\/2023\/10\/avanzado.jpg 370w, https:\/\/redsurfetp.alexandercasas.com\/wp-content\/uploads\/2023\/10\/avanzado-222x300.jpg 222w\" sizes=\"(max-width: 370px) 100vw, 370px\" \/>\t\t\t\t\t\t\t\t\t\t\t\t\t\t\t<\/div>\n\t\t\t\t<\/div>\n\t\t\t\t<div class=\"elementor-element elementor-element-1d1e836 elementor-widget elementor-widget-image-box\" data-id=\"1d1e836\" data-element_type=\"widget\" data-widget_type=\"image-box.default\">\n\t\t\t\t<div class=\"elementor-widget-container\">\n\t\t\t<div class=\"elementor-image-box-wrapper\"><div class=\"elementor-image-box-content\"><h3 class=\"elementor-image-box-title\">Nivel Avanzado<\/h3><p class=\"elementor-image-box-description\">El nivel avanzado otorga el mayor desarrollo de competencias y conocimientos sobre la vigilancia en salud p\u00fablica y la epidemiolog\u00eda de campo. El entrenado se convierte en un profesional con alt\u00edsimas competencias para desarrollar actividades de vigilancia tanto de orden local como nacional, utilizando todo el conocimiento adquirido durante los dos a\u00f1os de formaci\u00f3n.\nEn muchos pa\u00edses los entrenados de este nivel se convierten en tutores para garantizar la formaci\u00f3n de nuevos epidemi\u00f3logos con est\u00e1ndares de alta calidad.<\/p><\/div><\/div>\t\t<\/div>\n\t\t\t\t<\/div>\n\t\t\t\t\t<\/div>\n\t\t<\/div>\n\t\t\t\t\t\t\t<\/div>\n\t\t<\/section>\n\t\t\t\t\t<\/div>\n\t\t<\/div>\n\t\t\t\t\t\t\t<\/div>\n\t\t<\/section>\n\t\t\t\t<section class=\"elementor-section elementor-top-section elementor-element elementor-element-b991a90 elementor-section-height-min-height elementor-section-content-middle elementor-section-boxed elementor-section-height-default elementor-section-items-middle\" data-id=\"b991a90\" data-element_type=\"section\" data-settings=\"{&quot;background_background&quot;:&quot;video&quot;}\">\n\t\t\t\t\t\t<div class=\"elementor-container elementor-column-gap-default\">\n\t\t\t\t\t<div class=\"elementor-column elementor-col-50 elementor-top-column elementor-element elementor-element-94a73a8\" data-id=\"94a73a8\" data-element_type=\"column\">\n\t\t\t<div class=\"elementor-widget-wrap elementor-element-populated\">\n\t\t\t\t\t\t\t\t<div class=\"elementor-element elementor-element-23046c2 elementor-widget elementor-widget-text-editor\" data-id=\"23046c2\" data-element_type=\"widget\" data-widget_type=\"text-editor.default\">\n\t\t\t\t<div class=\"elementor-widget-container\">\n\t\t\t\t\t\t\t<h5><b>REDSUR desarrolla actividades\u00a0<span style=\"font-style: inherit; color: var(--ast-global-color-3); background-color: var(--ast-global-color-5);\">que buscan apoyar<br \/><\/span><span style=\"font-style: inherit; color: var(--ast-global-color-3); background-color: var(--ast-global-color-5);\">a los programas de epidemiolog\u00eda de campo<br \/><\/span><span style=\"font-style: inherit; color: var(--ast-global-color-3); background-color: var(--ast-global-color-5);\">de los pa\u00edses de la regi\u00f3n de Suram\u00e9rica.<\/span><\/b><\/h5>\t\t\t\t\t\t<\/div>\n\t\t\t\t<\/div>\n\t\t\t\t\t<\/div>\n\t\t<\/div>\n\t\t\t\t<div class=\"elementor-column elementor-col-50 elementor-top-column elementor-element elementor-element-fd5fb0a\" data-id=\"fd5fb0a\" data-element_type=\"column\">\n\t\t\t<div class=\"elementor-widget-wrap elementor-element-populated\">\n\t\t\t\t\t\t\t\t<div class=\"elementor-element elementor-element-8a82214 elementor-widget elementor-widget-image\" data-id=\"8a82214\" data-element_type=\"widget\" data-widget_type=\"image.default\">\n\t\t\t\t<div class=\"elementor-widget-container\">\n\t\t\t\t\t\t\t\t\t\t\t\t\t\t\t<img decoding=\"async\" loading=\"lazy\" width=\"1024\" height=\"421\" src=\"https:\/\/redsurfetp.alexandercasas.com\/wp-content\/uploads\/2023\/10\/Captura-de-Pantalla-2023-10-10-a-las-11.00.25-p.-m-1024x421.png\" class=\"attachment-large size-large wp-image-1474\" alt=\"Programas de Epidemiolog\u00eda de Campo\" srcset=\"https:\/\/redsurfetp.alexandercasas.com\/wp-content\/uploads\/2023\/10\/Captura-de-Pantalla-2023-10-10-a-las-11.00.25-p.-m-1024x421.png 1024w, https:\/\/redsurfetp.alexandercasas.com\/wp-content\/uploads\/2023\/10\/Captura-de-Pantalla-2023-10-10-a-las-11.00.25-p.-m-300x123.png 300w, https:\/\/redsurfetp.alexandercasas.com\/wp-content\/uploads\/2023\/10\/Captura-de-Pantalla-2023-10-10-a-las-11.00.25-p.-m-768x316.png 768w, https:\/\/redsurfetp.alexandercasas.com\/wp-content\/uploads\/2023\/10\/Captura-de-Pantalla-2023-10-10-a-las-11.00.25-p.-m.png 1044w\" sizes=\"(max-width: 1024px) 100vw, 1024px\" \/>\t\t\t\t\t\t\t\t\t\t\t\t\t\t\t<\/div>\n\t\t\t\t<\/div>\n\t\t\t\t\t<\/div>\n\t\t<\/div>\n\t\t\t\t\t\t\t<\/div>\n\t\t<\/section>\n\t\t\t\t\t\t\t<\/div>\n\t\t","protected":false},"excerpt":{"rendered":"<p>RedSur Red de Programasde Epidemiolog\u00eda de Campoen Am\u00e9rica del Sur Ver entrenamiento Los Programas de Epidemiologia de Campo (FETP) desempe\u00f1an un papel fundamental en el avance de la seguridad sanitaria mundial mediante la creaci\u00f3n de la fuerza laboral de salud p\u00fablica necesaria para que los pa\u00edses detecten y respondan a amenazas graves para la salud &hellip;<\/p>\n<p class=\"read-more\"> <a class=\"\" href=\"https:\/\/redsurfetp.alexandercasas.com\/\"> <span class=\"screen-reader-text\">Inicio<\/span> Read More &raquo;<\/a><\/p>\n","protected":false},"author":1,"featured_media":0,"parent":0,"menu_order":0,"comment_status":"closed","ping_status":"closed","template":"","meta":{"site-sidebar-layout":"no-sidebar","site-content-layout":"page-builder","ast-site-content-layout":"full-width-container","site-content-style":"unboxed","site-sidebar-style":"unboxed","ast-global-header-display":"","ast-banner-title-visibility":"","ast-main-header-display":"","ast-hfb-above-header-display":"","ast-hfb-below-header-display":"","ast-hfb-mobile-header-display":"","site-post-title":"disabled","ast-breadcrumbs-content":"","ast-featured-img":"disabled","footer-sml-layout":"","theme-transparent-header-meta":"disabled","adv-header-id-meta":"","stick-header-meta":"","header-above-stick-meta":"","header-main-stick-meta":"","header-below-stick-meta":"","astra-migrate-meta-layouts":"set","footnotes":""},"_links":{"self":[{"href":"https:\/\/redsurfetp.alexandercasas.com\/index.php\/wp-json\/wp\/v2\/pages\/1318"}],"collection":[{"href":"https:\/\/redsurfetp.alexandercasas.com\/index.php\/wp-json\/wp\/v2\/pages"}],"about":[{"href":"https:\/\/redsurfetp.alexandercasas.com\/index.php\/wp-json\/wp\/v2\/types\/page"}],"author":[{"embeddable":true,"href":"https:\/\/redsurfetp.alexandercasas.com\/index.php\/wp-json\/wp\/v2\/users\/1"}],"replies":[{"embeddable":true,"href":"https:\/\/redsurfetp.alexandercasas.com\/index.php\/wp-json\/wp\/v2\/comments?post=1318"}],"version-history":[{"count":65,"href":"https:\/\/redsurfetp.alexandercasas.com\/index.php\/wp-json\/wp\/v2\/pages\/1318\/revisions"}],"predecessor-version":[{"id":1885,"href":"https:\/\/redsurfetp.alexandercasas.com\/index.php\/wp-json\/wp\/v2\/pages\/1318\/revisions\/1885"}],"wp:attachment":[{"href":"https:\/\/redsurfetp.alexandercasas.com\/index.php\/wp-json\/wp\/v2\/media?parent=1318"}],"curies":[{"name":"wp","href":"https:\/\/api.w.org\/{rel}","templated":true}]}}